{"id":185,"date":"2024-09-26T00:46:56","date_gmt":"2024-09-26T00:46:56","guid":{"rendered":"https:\/\/itvc.umsa.edu.bo\/?page_id=185"},"modified":"2024-09-26T00:50:29","modified_gmt":"2024-09-26T00:50:29","slug":"mision-vision","status":"publish","type":"page","link":"https:\/\/itvc.umsa.edu.bo\/index.php\/mision-vision\/","title":{"rendered":"Misi\u00f3n-Visi\u00f3n"},"content":{"rendered":"\t\t<div data-elementor-type=\"wp-page\" data-elementor-id=\"185\" class=\"elementor elementor-185\" data-elementor-post-type=\"page\">\n\t\t\t\t<div class=\"elementor-element elementor-element-9d7dd58 e-flex e-con-boxed e-con e-parent\" data-id=\"9d7dd58\" data-element_type=\"container\">\n\t\t\t\t\t<div class=\"e-con-inner\">\n\t\t<div class=\"elementor-element elementor-element-e0c08cb e-con-full e-flex e-con e-child\" data-id=\"e0c08cb\" data-element_type=\"container\">\n\t\t\t\t<div class=\"elementor-element elementor-element-10a008d elementor-widget elementor-widget-image\" data-id=\"10a008d\" data-element_type=\"widget\" data-widget_type=\"image.default\">\n\t\t\t\t<div class=\"elementor-widget-container\">\n\t\t\t\t\t\t\t\t\t\t\t\t\t\t\t<img fetchpriority=\"high\" decoding=\"async\" width=\"681\" height=\"577\" src=\"https:\/\/itvc.umsa.edu.bo\/wp-content\/uploads\/2024\/09\/logo-ITVC.webp\" class=\"attachment-large size-large wp-image-188\" alt=\"\" srcset=\"https:\/\/itvc.umsa.edu.bo\/wp-content\/uploads\/2024\/09\/logo-ITVC.webp 681w, https:\/\/itvc.umsa.edu.bo\/wp-content\/uploads\/2024\/09\/logo-ITVC-300x254.webp 300w\" sizes=\"(max-width: 681px) 100vw, 681px\" \/>\t\t\t\t\t\t\t\t\t\t\t\t\t\t\t<\/div>\n\t\t\t\t<\/div>\n\t\t\t\t<\/div>\n\t\t<div class=\"elementor-element elementor-element-0c80f3f e-con-full e-flex e-con e-child\" data-id=\"0c80f3f\" data-element_type=\"container\">\n\t\t<div class=\"elementor-element elementor-element-f83107c e-con-full e-flex e-con e-child\" data-id=\"f83107c\" data-element_type=\"container\">\n\t\t\t\t<div class=\"elementor-element elementor-element-e924863 elementor-widget elementor-widget-heading\" data-id=\"e924863\" data-element_type=\"widget\" data-widget_type=\"heading.default\">\n\t\t\t\t<div class=\"elementor-widget-container\">\n\t\t\t\t\t<h2 class=\"elementor-heading-title elementor-size-default\">Misi\u00f3n y Visi\u00f3n<\/h2>\t\t\t\t<\/div>\n\t\t\t\t<\/div>\n\t\t\t\t<div class=\"elementor-element elementor-element-e9ab33f elementor-widget elementor-widget-text-editor\" data-id=\"e9ab33f\" data-element_type=\"widget\" data-widget_type=\"text-editor.default\">\n\t\t\t\t<div class=\"elementor-widget-container\">\n\t\t\t\t\t\t\t\t\t<p><em>\u00abEI Instituto del Transporte y V\u00edas de Comunicaci\u00f3n es una instituci\u00f3n moderna, cuya misi\u00f3n fundamental es<\/em><br \/><em>aportar al desarrollo del pa\u00eds y sus ciudades, realizando investigaci\u00f3n en el \u00e1rea de transportes, en todos los<\/em><br \/><em>modos, carretero, ferroviario, a\u00e9reo, fluvial y lacustre, contribuyendo a mejorar la eficiencia del sistema de<\/em><br \/><em>transportes en Bolivia, formando a la vez profesionales calificados a nivel de pregrado y postgrado en la<\/em><br \/><em>especialidad de Ingenier\u00eda del Transporte y V\u00edas de Comunicaci\u00f3n.<\/em><br \/><em>EI Instituto del Transporte y V\u00edas de Comunicaci\u00f3n es una instituci\u00f3n t\u00e9cnica especializada, pionera en Bolivia que<\/em><br \/><em>cuenta con tecnolog\u00eda de punta y reconocido prestigio a nivel nacional e internacional por el aporte investigativo<\/em><br \/><em>relevante en la tem\u00e1tica de transportes, contribuye permanentemente a desarrollar y mejorar el sistema de<\/em><br \/><em>transportes del pa\u00eds, difunde sus investigaciones local e internacionalmente y es un centro cient\u00edfico referencial y<\/em><br \/><em>orientador para la planificaci\u00f3n en materia de transportes a nivel nacional, regional y local, contribuyendo<\/em><br \/><em>permanentemente a la formaci\u00f3n de profesionales especializados y a resolver los problemas y necesidades de la<\/em><br \/><em>poblaci\u00f3n aportando con soluciones en los diferentes modos de transporte\u00bb.<\/em><\/p>\t\t\t\t\t\t\t\t<\/div>\n\t\t\t\t<\/div>\n\t\t\t\t<\/div>\n\t\t\t\t<\/div>\n\t\t\t\t\t<\/div>\n\t\t\t\t<\/div>\n\t\t\t\t<\/div>\n\t\t","protected":false},"excerpt":{"rendered":"<p>Misi\u00f3n y Visi\u00f3n \u00abEI Instituto del Transporte y V\u00edas de Comunicaci\u00f3n es una instituci\u00f3n moderna, cuya misi\u00f3n fundamental esaportar al [&hellip;]<\/p>\n","protected":false},"author":2,"featured_media":0,"parent":0,"menu_order":0,"comment_status":"closed","ping_status":"closed","template":"","meta":{"site-sidebar-layout":"no-sidebar","site-content-layout":"","ast-site-content-layout":"full-width-container","site-content-style":"default","site-sidebar-style":"default","ast-global-header-display":"","ast-banner-title-visibility":"","ast-main-header-display":"","ast-hfb-above-header-display":"","ast-hfb-below-header-display":"","ast-hfb-mobile-header-display":"","site-post-title":"disabled","ast-breadcrumbs-content":"","ast-featured-img":"disabled","footer-sml-layout":"","theme-transparent-header-meta":"","adv-header-id-meta":"","stick-header-meta":"","header-above-stick-meta":"","header-main-stick-meta":"","header-below-stick-meta":"","astra-migrate-meta-layouts":"default","ast-page-background-enabled":"default","ast-page-background-meta":{"desktop":{"background-color":"var(--ast-global-color-4)","background-image":"","background-repeat":"repeat","background-position":"center center","background-size":"auto","background-attachment":"scroll","background-type":"","background-media":"","overlay-type":"","overlay-color":"","overlay-opacity":"","overlay-gradient":""},"tablet":{"background-color":"","background-image":"","background-repeat":"repeat","background-position":"center center","background-size":"auto","background-attachment":"scroll","background-type":"","background-media":"","overlay-type":"","overlay-color":"","overlay-opacity":"","overlay-gradient":""},"mobile":{"background-color":"","background-image":"","background-repeat":"repeat","background-position":"center center","background-size":"auto","background-attachment":"scroll","background-type":"","background-media":"","overlay-type":"","overlay-color":"","overlay-opacity":"","overlay-gradient":""}},"ast-content-background-meta":{"desktop":{"background-color":"var(--ast-global-color-5)","background-image":"","background-repeat":"repeat","background-position":"center center","background-size":"auto","background-attachment":"scroll","background-type":"","background-media":"","overlay-type":"","overlay-color":"","overlay-opacity":"","overlay-gradient":""},"tablet":{"background-color":"var(--ast-global-color-5)","background-image":"","background-repeat":"repeat","background-position":"center center","background-size":"auto","background-attachment":"scroll","background-type":"","background-media":"","overlay-type":"","overlay-color":"","overlay-opacity":"","overlay-gradient":""},"mobile":{"background-color":"var(--ast-global-color-5)","background-image":"","background-repeat":"repeat","background-position":"center center","background-size":"auto","background-attachment":"scroll","background-type":"","background-media":"","overlay-type":"","overlay-color":"","overlay-opacity":"","overlay-gradient":""}},"footnotes":""},"class_list":["post-185","page","type-page","status-publish","hentry"],"_links":{"self":[{"href":"https:\/\/itvc.umsa.edu.bo\/index.php\/wp-json\/wp\/v2\/pages\/185","targetHints":{"allow":["GET"]}}],"collection":[{"href":"https:\/\/itvc.umsa.edu.bo\/index.php\/wp-json\/wp\/v2\/pages"}],"about":[{"href":"https:\/\/itvc.umsa.edu.bo\/index.php\/wp-json\/wp\/v2\/types\/page"}],"author":[{"embeddable":true,"href":"https:\/\/itvc.umsa.edu.bo\/index.php\/wp-json\/wp\/v2\/users\/2"}],"replies":[{"embeddable":true,"href":"https:\/\/itvc.umsa.edu.bo\/index.php\/wp-json\/wp\/v2\/comments?post=185"}],"version-history":[{"count":4,"href":"https:\/\/itvc.umsa.edu.bo\/index.php\/wp-json\/wp\/v2\/pages\/185\/revisions"}],"predecessor-version":[{"id":191,"href":"https:\/\/itvc.umsa.edu.bo\/index.php\/wp-json\/wp\/v2\/pages\/185\/revisions\/191"}],"wp:attachment":[{"href":"https:\/\/itvc.umsa.edu.bo\/index.php\/wp-json\/wp\/v2\/media?parent=185"}],"curies":[{"name":"wp","href":"https:\/\/api.w.org\/{rel}","templated":true}]}}