{"id":207,"date":"2024-09-26T01:06:07","date_gmt":"2024-09-26T01:06:07","guid":{"rendered":"https:\/\/itvc.umsa.edu.bo\/?page_id=207"},"modified":"2024-09-26T15:40:15","modified_gmt":"2024-09-26T15:40:15","slug":"funciones","status":"publish","type":"page","link":"https:\/\/itvc.umsa.edu.bo\/index.php\/funciones\/","title":{"rendered":"Funciones"},"content":{"rendered":"\t\t<div data-elementor-type=\"wp-page\" data-elementor-id=\"207\" class=\"elementor elementor-207\" data-elementor-post-type=\"page\">\n\t\t\t\t<div class=\"elementor-element elementor-element-42781e9 e-flex e-con-boxed e-con e-parent\" data-id=\"42781e9\" data-element_type=\"container\" data-settings=\"{&quot;background_background&quot;:&quot;classic&quot;}\">\n\t\t\t\t\t<div class=\"e-con-inner\">\n\t\t\t\t<div class=\"elementor-element elementor-element-fdff2b2 elementor-widget__width-initial elementor-widget elementor-widget-heading\" data-id=\"fdff2b2\" data-element_type=\"widget\" data-widget_type=\"heading.default\">\n\t\t\t\t<div class=\"elementor-widget-container\">\n\t\t\t\t\t<h2 class=\"elementor-heading-title elementor-size-default\">Funciones <\/h2>\t\t\t\t<\/div>\n\t\t\t\t<\/div>\n\t\t\t\t<div class=\"elementor-element elementor-element-4ac617e elementor-widget__width-initial elementor-widget elementor-widget-text-editor\" data-id=\"4ac617e\" data-element_type=\"widget\" data-widget_type=\"text-editor.default\">\n\t\t\t\t<div class=\"elementor-widget-container\">\n\t\t\t\t\t\t\t\t\t<p><strong>Entre las principales funciones del Instituto, se pueden mencionar las siguientes:<\/strong><\/p><p>1. Realizar investigaci\u00f3n cient\u00edfica t\u00e9cnica, b\u00e1sica y aplicada en el campo de la Ingenier\u00eda de Transportes y V\u00edas de Comunicaci\u00f3n<br \/>2. Gestionar el Plan de Desarrollo del Instituto, con la participaci\u00f3n de la comunidad cient\u00edfica facultativa.<br \/>3. Desarrollar proyectos de investigaci\u00f3n, en el marco de las l\u00edneas de investigaci\u00f3n del Instituto.<br \/>4. Prestar servicios especializados a la sociedad, en el marco de las l\u00edneas de investigaci\u00f3n del Instituto.<br \/>5. Publicar y difundir la producci\u00f3n intelectual generada por la investigaci\u00f3n, a nivel local, nacional e internacional.<br \/>6. Gestionar congresos, seminarios y cursos relacionados con los resultados de la investigaci\u00f3n.<br \/>7. Transferir resultados de la investigaci\u00f3n a la sociedad.<br \/>8. Asesorar a instituciones p\u00fablicas y privadas en la planificaci\u00f3n de sistemas de transporte.<br \/>9. Conservar y custodiar los activos fijos adquiridos con recursos asignados, generados y ejecutados por el Instituto<br \/>10. Apoyar en la formaci\u00f3n de pregrado de la Carrera de Ingenier\u00eda Civil, brindando servicio docente de calidad en materias a cargo del Instituto.<br \/>11. Formar recursos humanos especializados a nivel de postgrado en el \u00e1rea de Ciencias del Transporte. Esta labor se lleva a cabo a trav\u00e9s del<br \/>Postgrado en Ciencias del Transporte, dependiente de este instituto.<br \/>12. Revisar, actualizar o proponer normativa espec\u00edfica que rige las funciones y actividades de la unidad.<br \/>13. Gestionar de manera sistem\u00e1tica, actualizada y ordenada la informaci\u00f3n generada por los procesos ejecutados en la unidad.<br \/>14. Asesor a estudiantes egresados de la Carrera, en la elaboraci\u00f3n de sus proyectos de grado y a los maestrantes egresados del Postgrado en Ciencias del Transporte para la elaboraci\u00f3n de las tesis de Maestr\u00eda.<\/p>\t\t\t\t\t\t\t\t<\/div>\n\t\t\t\t<\/div>\n\t\t\t\t\t<\/div>\n\t\t\t\t<\/div>\n\t\t\t\t<\/div>\n\t\t","protected":false},"excerpt":{"rendered":"<p>Funciones Entre las principales funciones del Instituto, se pueden mencionar las siguientes: 1. Realizar investigaci\u00f3n cient\u00edfica t\u00e9cnica, b\u00e1sica y aplicada [&hellip;]<\/p>\n","protected":false},"author":2,"featured_media":0,"parent":0,"menu_order":0,"comment_status":"closed","ping_status":"closed","template":"","meta":{"site-sidebar-layout":"no-sidebar","site-content-layout":"","ast-site-content-layout":"full-width-container","site-content-style":"default","site-sidebar-style":"default","ast-global-header-display":"","ast-banner-title-visibility":"","ast-main-header-display":"","ast-hfb-above-header-display":"","ast-hfb-below-header-display":"","ast-hfb-mobile-header-display":"","site-post-title":"disabled","ast-breadcrumbs-content":"","ast-featured-img":"disabled","footer-sml-layout":"","theme-transparent-header-meta":"","adv-header-id-meta":"","stick-header-meta":"","header-above-stick-meta":"","header-main-stick-meta":"","header-below-stick-meta":"","astra-migrate-meta-layouts":"default","ast-page-background-enabled":"default","ast-page-background-meta":{"desktop":{"background-color":"var(--ast-global-color-4)","background-image":"","background-repeat":"repeat","background-position":"center center","background-size":"auto","background-attachment":"scroll","background-type":"","background-media":"","overlay-type":"","overlay-color":"","overlay-opacity":"","overlay-gradient":""},"tablet":{"background-color":"","background-image":"","background-repeat":"repeat","background-position":"center center","background-size":"auto","background-attachment":"scroll","background-type":"","background-media":"","overlay-type":"","overlay-color":"","overlay-opacity":"","overlay-gradient":""},"mobile":{"background-color":"","background-image":"","background-repeat":"repeat","background-position":"center center","background-size":"auto","background-attachment":"scroll","background-type":"","background-media":"","overlay-type":"","overlay-color":"","overlay-opacity":"","overlay-gradient":""}},"ast-content-background-meta":{"desktop":{"background-color":"var(--ast-global-color-5)","background-image":"","background-repeat":"repeat","background-position":"center center","background-size":"auto","background-attachment":"scroll","background-type":"","background-media":"","overlay-type":"","overlay-color":"","overlay-opacity":"","overlay-gradient":""},"tablet":{"background-color":"var(--ast-global-color-5)","background-image":"","background-repeat":"repeat","background-position":"center center","background-size":"auto","background-attachment":"scroll","background-type":"","background-media":"","overlay-type":"","overlay-color":"","overlay-opacity":"","overlay-gradient":""},"mobile":{"background-color":"var(--ast-global-color-5)","background-image":"","background-repeat":"repeat","background-position":"center center","background-size":"auto","background-attachment":"scroll","background-type":"","background-media":"","overlay-type":"","overlay-color":"","overlay-opacity":"","overlay-gradient":""}},"footnotes":""},"class_list":["post-207","page","type-page","status-publish","hentry"],"_links":{"self":[{"href":"https:\/\/itvc.umsa.edu.bo\/index.php\/wp-json\/wp\/v2\/pages\/207","targetHints":{"allow":["GET"]}}],"collection":[{"href":"https:\/\/itvc.umsa.edu.bo\/index.php\/wp-json\/wp\/v2\/pages"}],"about":[{"href":"https:\/\/itvc.umsa.edu.bo\/index.php\/wp-json\/wp\/v2\/types\/page"}],"author":[{"embeddable":true,"href":"https:\/\/itvc.umsa.edu.bo\/index.php\/wp-json\/wp\/v2\/users\/2"}],"replies":[{"embeddable":true,"href":"https:\/\/itvc.umsa.edu.bo\/index.php\/wp-json\/wp\/v2\/comments?post=207"}],"version-history":[{"count":7,"href":"https:\/\/itvc.umsa.edu.bo\/index.php\/wp-json\/wp\/v2\/pages\/207\/revisions"}],"predecessor-version":[{"id":267,"href":"https:\/\/itvc.umsa.edu.bo\/index.php\/wp-json\/wp\/v2\/pages\/207\/revisions\/267"}],"wp:attachment":[{"href":"https:\/\/itvc.umsa.edu.bo\/index.php\/wp-json\/wp\/v2\/media?parent=207"}],"curies":[{"name":"wp","href":"https:\/\/api.w.org\/{rel}","templated":true}]}}